{"id":4518,"date":"2024-04-13T18:29:25","date_gmt":"2024-04-13T18:29:25","guid":{"rendered":"https:\/\/adoring-curie.173-212-232-101.plesk.page\/product\/e46-m3-touring-sedan-conversion-bracket-kit\/"},"modified":"2026-04-19T02:27:22","modified_gmt":"2026-04-19T02:27:22","slug":"e46-m3-touring-sedan-conversion-bracket-kit","status":"publish","type":"product","link":"https:\/\/adoring-curie.173-212-232-101.plesk.page\/hu\/termek\/e46-m3-touring-sedan-conversion-bracket-kit\/","title":{"rendered":"E46 M3 Touring-Sedan \u00e1talak\u00edt\u00f3 konzol k\u00e9szlet"},"content":{"rendered":"<p>These bracket kit was developed to make your E46 M3 Touring-Sedan conversion much more easier the kit contains all necessary brackets for your build which are missing from the non-M chassis. Brackets material: steel Kit contains:- 2x V-brace brackets- 2x M8 nuts- 2x Cooling water expansion tank\/Secondary air pump brackets- 1x Exhaust bracket<\/p>","protected":false},"excerpt":{"rendered":"<p>These bracket kit was developed to make your E46 M3 Touring-Sedan conversion much more easier the kit contains all necessary brackets for your build which are missing from the non-M chassis. Brackets material: steel Kit contains:- 2x V-brace brackets- 2x M8 nuts- 2x Cooling water expansion tank\/Secondary air pump brackets- 1x Exhaust bracket<\/p>","protected":false},"featured_media":4507,"comment_status":"open","ping_status":"closed","template":"","meta":[],"product_cat":[89],"product_tag":[],"class_list":{"0":"post-4518","1":"product","2":"type-product","3":"status-publish","4":"has-post-thumbnail","6":"product_cat-e46","8":"first","9":"instock","10":"taxable","11":"shipping-taxable","12":"purchasable","13":"product-type-simple"},"_links":{"self":[{"href":"https:\/\/adoring-curie.173-212-232-101.plesk.page\/hu\/wp-json\/wp\/v2\/product\/4518","targetHints":{"allow":["GET"]}}],"collection":[{"href":"https:\/\/adoring-curie.173-212-232-101.plesk.page\/hu\/wp-json\/wp\/v2\/product"}],"about":[{"href":"https:\/\/adoring-curie.173-212-232-101.plesk.page\/hu\/wp-json\/wp\/v2\/types\/product"}],"replies":[{"embeddable":true,"href":"https:\/\/adoring-curie.173-212-232-101.plesk.page\/hu\/wp-json\/wp\/v2\/comments?post=4518"}],"wp:featuredmedia":[{"embeddable":true,"href":"https:\/\/adoring-curie.173-212-232-101.plesk.page\/hu\/wp-json\/wp\/v2\/media\/4507"}],"wp:attachment":[{"href":"https:\/\/adoring-curie.173-212-232-101.plesk.page\/hu\/wp-json\/wp\/v2\/media?parent=4518"}],"wp:term":[{"taxonomy":"product_cat","embeddable":true,"href":"https:\/\/adoring-curie.173-212-232-101.plesk.page\/hu\/wp-json\/wp\/v2\/product_cat?post=4518"},{"taxonomy":"product_tag","embeddable":true,"href":"https:\/\/adoring-curie.173-212-232-101.plesk.page\/hu\/wp-json\/wp\/v2\/product_tag?post=4518"}],"curies":[{"name":"wp","href":"https:\/\/api.w.org\/{rel}","templated":true}]}}