{"id":4519,"date":"2024-04-13T18:29:25","date_gmt":"2024-04-13T18:29:25","guid":{"rendered":"https:\/\/adoring-curie.173-212-232-101.plesk.page\/product\/e46-m3-touring-sedan-carbon-fiber-front-fenders\/"},"modified":"2026-04-19T02:40:57","modified_gmt":"2026-04-19T02:40:57","slug":"e46-m3-touring-sedan-carbon-fiber-front-fenders","status":"publish","type":"product","link":"https:\/\/adoring-curie.173-212-232-101.plesk.page\/hu\/termek\/e46-m3-touring-sedan-carbon-fiber-front-fenders\/","title":{"rendered":"E46 M3 Touring-Sedan sz\u00e9nsz\u00e1las els\u0151 s\u00e1rv\u00e9d\u0151k"},"content":{"rendered":"<p>These carbon fiber front fenders were made for E46 Touring-Sedan M3 conversion. 100% pre-preg, made in autoclav. Will fit on all E46 Touring-Sedan, only with OEM M3 hood, front bumper and headlights. NOTE! Always test fitment on your car before clear coat or paint!<\/p>","protected":false},"excerpt":{"rendered":"<p>These carbon fiber front fenders were made for E46 Touring-Sedan M3 conversion. 100% pre-preg, made in autoclav. Will fit on all E46 Touring-Sedan, only with OEM M3 hood, front bumper and headlights. NOTE! Always test fitment on your car before clear coat or paint!<\/p>","protected":false},"featured_media":4506,"comment_status":"open","ping_status":"closed","template":"","meta":[],"product_cat":[89],"product_tag":[],"class_list":{"0":"post-4519","1":"product","2":"type-product","3":"status-publish","4":"has-post-thumbnail","6":"product_cat-e46","8":"first","9":"outofstock","10":"taxable","11":"shipping-taxable","12":"purchasable","13":"product-type-simple"},"_links":{"self":[{"href":"https:\/\/adoring-curie.173-212-232-101.plesk.page\/hu\/wp-json\/wp\/v2\/product\/4519","targetHints":{"allow":["GET"]}}],"collection":[{"href":"https:\/\/adoring-curie.173-212-232-101.plesk.page\/hu\/wp-json\/wp\/v2\/product"}],"about":[{"href":"https:\/\/adoring-curie.173-212-232-101.plesk.page\/hu\/wp-json\/wp\/v2\/types\/product"}],"replies":[{"embeddable":true,"href":"https:\/\/adoring-curie.173-212-232-101.plesk.page\/hu\/wp-json\/wp\/v2\/comments?post=4519"}],"wp:featuredmedia":[{"embeddable":true,"href":"https:\/\/adoring-curie.173-212-232-101.plesk.page\/hu\/wp-json\/wp\/v2\/media\/4506"}],"wp:attachment":[{"href":"https:\/\/adoring-curie.173-212-232-101.plesk.page\/hu\/wp-json\/wp\/v2\/media?parent=4519"}],"wp:term":[{"taxonomy":"product_cat","embeddable":true,"href":"https:\/\/adoring-curie.173-212-232-101.plesk.page\/hu\/wp-json\/wp\/v2\/product_cat?post=4519"},{"taxonomy":"product_tag","embeddable":true,"href":"https:\/\/adoring-curie.173-212-232-101.plesk.page\/hu\/wp-json\/wp\/v2\/product_tag?post=4519"}],"curies":[{"name":"wp","href":"https:\/\/api.w.org\/{rel}","templated":true}]}}