{"id":4520,"date":"2024-04-13T18:29:25","date_gmt":"2024-04-13T18:29:25","guid":{"rendered":"https:\/\/adoring-curie.173-212-232-101.plesk.page\/product\/f8x-to-e46-330i-d-bbk-rear-caliper-brackets\/"},"modified":"2026-04-19T02:38:58","modified_gmt":"2026-04-19T02:38:58","slug":"f8x-to-e46-330i-d-bbk-rear-caliper-brackets","status":"publish","type":"product","link":"https:\/\/adoring-curie.173-212-232-101.plesk.page\/hu\/termek\/f8x-to-e46-330i-d-bbk-rear-caliper-brackets\/","title":{"rendered":"F8x az E46 330i\/d bbk h\u00e1ts\u00f3 f\u00e9knyereg konzolokhoz"},"content":{"rendered":"<p>High quality reinforced brake caliper brackets to fit F80\/F82 rear brake calipers on your E46 330i\/d. These brackets will fit directly with the F80\/F82 steel 370mm rear brake discs and calipers: OEM part numbers of rear calipers: &#8211; left: 34216799461 &#8211; right: 34216799462 OEM part numbers of rear discs: &#8211; left: 34212284811 &#8211; right: 34212284812Material: high strenght Aluminium 7075-T651. (This material has excellent strenght-to-weight ratio. It is one of the most commonly used aluminium alloys for highly stressed structural applications and has been extensively used in aircraft structural parts.)Weight: 125g \/pcPLEASE NOTE!!! F80\/F82 oem rear brake calipers needs to be modified before mounting. We offer also CNC machining service to machine out the rear caliper between the mounting points.<\/p>","protected":false},"excerpt":{"rendered":"<p>High quality reinforced brake caliper brackets to fit F80\/F82 rear brake calipers on your E46 330i\/d. These brackets will fit directly with the F80\/F82 steel 370mm rear brake discs and calipers: OEM part numbers of rear calipers: &#8211; left: 34216799461 &#8211; right: 34216799462 OEM part numbers of rear discs: &#8211; left: 34212284811 &#8211; right: 34212284812Material: [&hellip;]<\/p>","protected":false},"featured_media":4511,"comment_status":"open","ping_status":"closed","template":"","meta":[],"product_cat":[89],"product_tag":[],"class_list":{"0":"post-4520","1":"product","2":"type-product","3":"status-publish","4":"has-post-thumbnail","6":"product_cat-e46","8":"first","9":"instock","10":"taxable","11":"shipping-taxable","12":"purchasable","13":"product-type-simple"},"_links":{"self":[{"href":"https:\/\/adoring-curie.173-212-232-101.plesk.page\/hu\/wp-json\/wp\/v2\/product\/4520","targetHints":{"allow":["GET"]}}],"collection":[{"href":"https:\/\/adoring-curie.173-212-232-101.plesk.page\/hu\/wp-json\/wp\/v2\/product"}],"about":[{"href":"https:\/\/adoring-curie.173-212-232-101.plesk.page\/hu\/wp-json\/wp\/v2\/types\/product"}],"replies":[{"embeddable":true,"href":"https:\/\/adoring-curie.173-212-232-101.plesk.page\/hu\/wp-json\/wp\/v2\/comments?post=4520"}],"wp:featuredmedia":[{"embeddable":true,"href":"https:\/\/adoring-curie.173-212-232-101.plesk.page\/hu\/wp-json\/wp\/v2\/media\/4511"}],"wp:attachment":[{"href":"https:\/\/adoring-curie.173-212-232-101.plesk.page\/hu\/wp-json\/wp\/v2\/media?parent=4520"}],"wp:term":[{"taxonomy":"product_cat","embeddable":true,"href":"https:\/\/adoring-curie.173-212-232-101.plesk.page\/hu\/wp-json\/wp\/v2\/product_cat?post=4520"},{"taxonomy":"product_tag","embeddable":true,"href":"https:\/\/adoring-curie.173-212-232-101.plesk.page\/hu\/wp-json\/wp\/v2\/product_tag?post=4520"}],"curies":[{"name":"wp","href":"https:\/\/api.w.org\/{rel}","templated":true}]}}