{"id":4523,"date":"2024-04-13T18:29:25","date_gmt":"2024-04-13T18:29:25","guid":{"rendered":"https:\/\/adoring-curie.173-212-232-101.plesk.page\/product\/washer-tank-bracket-for-bmw-e46-m3-with-csl-front-bumper\/"},"modified":"2026-04-19T02:40:05","modified_gmt":"2026-04-19T02:40:05","slug":"washer-tank-bracket-for-bmw-e46-m3-with-csl-front-bumper","status":"publish","type":"product","link":"https:\/\/adoring-curie.173-212-232-101.plesk.page\/hu\/termek\/washer-tank-bracket-for-bmw-e46-m3-with-csl-front-bumper\/","title":{"rendered":"Mos\u00f3szertart\u00e1ly-konzol BMW E46 M3 CSL els\u0151 l\u00f6kh\u00e1r\u00edt\u00f3val ell\u00e1tott BMW E46 M3-hoz"},"content":{"rendered":"","protected":false},"excerpt":{"rendered":"","protected":false},"featured_media":4512,"comment_status":"open","ping_status":"closed","template":"","meta":[],"product_cat":[89],"product_tag":[],"class_list":{"0":"post-4523","1":"product","2":"type-product","3":"status-publish","4":"has-post-thumbnail","6":"product_cat-e46","8":"first","9":"instock","10":"taxable","11":"shipping-taxable","12":"purchasable","13":"product-type-simple"},"_links":{"self":[{"href":"https:\/\/adoring-curie.173-212-232-101.plesk.page\/hu\/wp-json\/wp\/v2\/product\/4523","targetHints":{"allow":["GET"]}}],"collection":[{"href":"https:\/\/adoring-curie.173-212-232-101.plesk.page\/hu\/wp-json\/wp\/v2\/product"}],"about":[{"href":"https:\/\/adoring-curie.173-212-232-101.plesk.page\/hu\/wp-json\/wp\/v2\/types\/product"}],"replies":[{"embeddable":true,"href":"https:\/\/adoring-curie.173-212-232-101.plesk.page\/hu\/wp-json\/wp\/v2\/comments?post=4523"}],"wp:featuredmedia":[{"embeddable":true,"href":"https:\/\/adoring-curie.173-212-232-101.plesk.page\/hu\/wp-json\/wp\/v2\/media\/4512"}],"wp:attachment":[{"href":"https:\/\/adoring-curie.173-212-232-101.plesk.page\/hu\/wp-json\/wp\/v2\/media?parent=4523"}],"wp:term":[{"taxonomy":"product_cat","embeddable":true,"href":"https:\/\/adoring-curie.173-212-232-101.plesk.page\/hu\/wp-json\/wp\/v2\/product_cat?post=4523"},{"taxonomy":"product_tag","embeddable":true,"href":"https:\/\/adoring-curie.173-212-232-101.plesk.page\/hu\/wp-json\/wp\/v2\/product_tag?post=4523"}],"curies":[{"name":"wp","href":"https:\/\/api.w.org\/{rel}","templated":true}]}}