{"id":4524,"date":"2024-04-13T18:29:25","date_gmt":"2024-04-13T18:29:25","guid":{"rendered":"https:\/\/adoring-curie.173-212-232-101.plesk.page\/product\/bmw-e46-fuel-brake-line-bracket-kit\/"},"modified":"2026-04-19T02:28:25","modified_gmt":"2026-04-19T02:28:25","slug":"bmw-e46-fuel-brake-line-bracket-kit","status":"publish","type":"product","link":"https:\/\/adoring-curie.173-212-232-101.plesk.page\/hu\/termek\/bmw-e46-fuel-brake-line-bracket-kit\/","title":{"rendered":"BMW E46 \u00fczemanyag- \u00e9s f\u00e9kvezet\u00e9k tart\u00f3 k\u00e9szlet"},"content":{"rendered":"","protected":false},"excerpt":{"rendered":"<p>This bracket kit was made to replace the old corroded brackets on your pride&amp;joy. Kit contains:- 2x fuel tank brace front brackets- 2x fuel tank brace rear brackets- 2x brake line brackets Brackets material: stainless steel<\/p>","protected":false},"featured_media":4513,"comment_status":"open","ping_status":"closed","template":"","meta":[],"product_cat":[89],"product_tag":[],"class_list":{"0":"post-4524","1":"product","2":"type-product","3":"status-publish","4":"has-post-thumbnail","6":"product_cat-e46","8":"first","9":"instock","10":"taxable","11":"shipping-taxable","12":"purchasable","13":"product-type-simple"},"_links":{"self":[{"href":"https:\/\/adoring-curie.173-212-232-101.plesk.page\/hu\/wp-json\/wp\/v2\/product\/4524","targetHints":{"allow":["GET"]}}],"collection":[{"href":"https:\/\/adoring-curie.173-212-232-101.plesk.page\/hu\/wp-json\/wp\/v2\/product"}],"about":[{"href":"https:\/\/adoring-curie.173-212-232-101.plesk.page\/hu\/wp-json\/wp\/v2\/types\/product"}],"replies":[{"embeddable":true,"href":"https:\/\/adoring-curie.173-212-232-101.plesk.page\/hu\/wp-json\/wp\/v2\/comments?post=4524"}],"wp:featuredmedia":[{"embeddable":true,"href":"https:\/\/adoring-curie.173-212-232-101.plesk.page\/hu\/wp-json\/wp\/v2\/media\/4513"}],"wp:attachment":[{"href":"https:\/\/adoring-curie.173-212-232-101.plesk.page\/hu\/wp-json\/wp\/v2\/media?parent=4524"}],"wp:term":[{"taxonomy":"product_cat","embeddable":true,"href":"https:\/\/adoring-curie.173-212-232-101.plesk.page\/hu\/wp-json\/wp\/v2\/product_cat?post=4524"},{"taxonomy":"product_tag","embeddable":true,"href":"https:\/\/adoring-curie.173-212-232-101.plesk.page\/hu\/wp-json\/wp\/v2\/product_tag?post=4524"}],"curies":[{"name":"wp","href":"https:\/\/api.w.org\/{rel}","templated":true}]}}